{"id":118,"date":"2022-01-07T18:07:50","date_gmt":"2022-01-07T17:07:50","guid":{"rendered":"https:\/\/www.kymia-consulting.com\/?page_id=118"},"modified":"2022-01-27T15:34:55","modified_gmt":"2022-01-27T14:34:55","slug":"cookies-policy","status":"publish","type":"page","link":"https:\/\/www.kymia-consulting.com\/en\/politique-de-cookies\/","title":{"rendered":"Cookies policy"},"content":{"rendered":"<div data-colibri-id=\"118-c1\" class=\"style-194 style-local-118-c1 position-relative\">\r\n  <!---->\r\n  <div data-colibri-component=\"section\" data-colibri-id=\"118-c2\" id=\"initial-content\" class=\"h-section h-section-global-spacing d-flex align-items-lg-center align-items-md-center align-items-center style-195 style-local-118-c2 position-relative\">\r\n    <!---->\r\n    <!---->\r\n    <div class=\"h-section-grid-container h-section-boxed-container\">\r\n      <!---->\r\n      <div data-colibri-id=\"118-c7\" class=\"h-row-container gutters-row-lg-2 gutters-row-md-2 gutters-row-0 gutters-row-v-lg-2 gutters-row-v-md-2 gutters-row-v-2 style-201 style-local-118-c7 position-relative\">\r\n        <!---->\r\n        <div class=\"h-row justify-content-lg-center justify-content-md-center justify-content-center align-items-lg-stretch align-items-md-stretch align-items-stretch gutters-col-lg-2 gutters-col-md-2 gutters-col-0 gutters-col-v-lg-2 gutters-col-v-md-2 gutters-col-v-2\">\r\n          <!---->\r\n          <div class=\"h-column h-column-container d-flex h-col-lg-auto h-col-md-auto h-col-auto style-202-outer style-local-118-c8-outer\">\r\n            <div data-colibri-id=\"118-c8\" class=\"d-flex h-flex-basis h-column__inner h-px-lg-2 h-px-md-2 h-px-2 v-inner-lg-2 v-inner-md-2 v-inner-2 style-202 style-local-118-c8 position-relative\">\r\n              <!---->\r\n              <!---->\r\n              <div class=\"w-100 h-y-container h-column__content h-column__v-align flex-basis-100 align-self-lg-start align-self-md-start align-self-start\">\r\n                <!---->\r\n                <div data-colibri-id=\"118-c9\" class=\"h-global-transition-all h-heading style-203 style-local-118-c9 position-relative h-element\">\r\n                  <!---->\r\n                  <div class=\"h-heading__outer style-203 style-local-118-c9\">\r\n                    <!---->\r\n                    <!---->\r\n                    <h1 class=\"\">About this cookies policy<\/h1>\r\n                  <\/div>\r\n                <\/div>\r\n                <div data-colibri-id=\"118-c10\" class=\"h-text h-text-component style-204 style-local-118-c10 position-relative h-element\">\r\n                  <!---->\r\n                  <!---->\r\n                  <div class=\"\">\r\n                    <p>This cookie policy explains what cookies are and how we use them, the types of cookies we use, i.e. the information we collect using cookies and how this information is used, and how to control cookie preferences.\r\n                      is used, and how to control cookie preferences.<\/p>\r\n                    <p> For more information on how we use, store and protect your personal data, see our Privacy Policy. You can change or withdraw your consent to the Cookie Statement at any time on our website.\r\n                      on our website. Find out more about who we are, how you can contact us and how we process personal data in our Privacy Policy. Your consent applies to\r\n                      the following domains: www. kymia-consulting.com<div class=\"cli_user_consent_state\">Your current state: No consent given. <a class=\"cli_manage_current_consent\" style=\"cursor:pointer;text-decoration:underline;\">Manage your consent.<\/a> <\/div><\/p>\r\n                  <\/div>\r\n                <\/div>\r\n                <div data-colibri-id=\"118-c11\" class=\"h-global-transition-all h-heading style-205 style-local-118-c11 position-relative h-element\">\r\n                  <!---->\r\n                  <div class=\"h-heading__outer style-205 style-local-118-c11\">\r\n                    <!---->\r\n                    <!---->\r\n                    <h1 class=\"\">What are cookies?<\/h1>\r\n                  <\/div>\r\n                <\/div>\r\n                <div data-colibri-id=\"118-c12\" class=\"h-text h-text-component style-206 style-local-118-c12 position-relative h-element\">\r\n                  <!---->\r\n                  <!---->\r\n                  <div class=\"\">\r\n                    <p>Cookies are small text files used to store small pieces of information. They are stored on your device when the website is loaded on your browser. These cookies help us to make the website work\r\n                      the website properly, make it safer, provide a better user experience, understand how the website is performing and analyse what is working and what needs to be improved.<\/p>\r\n                  <\/div>\r\n                <\/div>\r\n                <div data-colibri-id=\"118-c13\" class=\"h-global-transition-all h-heading style-207 style-local-118-c13 position-relative h-element\">\r\n                  <!---->\r\n                  <div class=\"h-heading__outer style-207 style-local-118-c13\">\r\n                    <!---->\r\n                    <!---->\r\n                    <h1 class=\"\">How do we use cookies?<\/h1>\r\n                  <\/div>\r\n                <\/div>\r\n                <div data-colibri-id=\"118-c14\" class=\"h-text h-text-component style-208 style-local-118-c14 position-relative h-element\">\r\n                  <!---->\r\n                  <!---->\r\n                  <div class=\"\">\r\n                    <p>Like most online services, our website uses proprietary and third-party cookies for a number of purposes. Internal cookies are primarily necessary for the website to function properly and they do not collect any\r\n                      personally identifiable information.<\/p>\r\n                    <p>The third party cookies used on our website are primarily used to understand how the website works, how you interact with our website, to ensure the security of our services, to provide advertising that is relevant to you and overall to provide you with a better and improved user experience and to help speed up your future interactions with our website.\r\n                      and, overall, to provide you with a better and improved user experience and to help speed up your future interactions with our website.<\/p>\r\n                  <\/div>\r\n                <\/div>\r\n                <div data-colibri-id=\"118-c15\" class=\"h-global-transition-all h-heading style-209 style-local-118-c15 position-relative h-element\">\r\n                  <!---->\r\n                  <div class=\"h-heading__outer style-209 style-local-118-c15\">\r\n                    <!---->\r\n                    <!---->\r\n                    <h1 class=\"\">What types of cookies do we use?<\/h1>\r\n                  <\/div>\r\n                <\/div>\r\n                <div data-colibri-id=\"118-c18\" class=\"h-text h-text-component style-212 style-local-118-c18 position-relative h-element\">\r\n                  <!---->\r\n                  <!---->\r\n                  <div class=\"\">\r\n                    <p><span style=\"font-weight: 700;\">Essential <\/span>Cookies: Some cookies are essential for you to be able to enjoy all the features of our site. They enable us to maintain user sessions and to prevent\r\n                      security threats. They do not collect or store any personal information. For example, these cookies allow you to log in to your account and add products to your basket, and to check out\r\n                      in complete security.<\/p>\r\n                    <p><span style=\"font-weight: 700;\">Statistics&nbsp;<\/span>These cookies store information such as the number of visitors to the website, the number of unique visitors, the pages of the website that have been visited, the source of the visit, and so on.\r\n                      of the visit, etc. This data helps us to understand and analyse the performance of the website and where it needs to be improved.<\/p>\r\n                    <p><span style=\"font-weight: 700;\">Marketing <\/span>Our website displays advertisements. These cookies are used to personalise the ads we show you so that they are meaningful to you. These cookies\r\n                      also help us to track the effectiveness of these advertising campaigns. The information stored in these cookies may also be used by third party advertising providers to show you advertisements on\r\n                      other websites on the browser as well.<\/p>\r\n                    <p><span style=\"font-weight: 700;\">Functional&nbsp;<\/span>Cookies: These are cookies that help with certain non-essential functions of our website. These features include embedding content such as videos or\r\n                      sharing website content on social media platforms.<\/p>\r\n                    <p><span style=\"font-weight: 700;\">Preferences&nbsp;<\/span>cookies: these cookies help us to store your settings and browsing preferences, such as language preferences, so that you have a better and more efficient experience on future visits to the website.\r\n                      future visits to the website.<\/p>\r\n                    <table class=\"cookielawinfo-row-cat-table cookielawinfo-classic\"><thead><tr><th class=\"cookielawinfo-column-1\">Cookie<\/th><th class=\"cookielawinfo-column-2\">Type<\/th><th class=\"cookielawinfo-column-3\">Duration<\/th><th class=\"cookielawinfo-column-4\">Description<\/th><\/tr><\/thead><tbody><tr class=\"cookielawinfo-row\"><td class=\"cookielawinfo-column-1\">cookielawinfo-checkbox-analytics<\/td><td class=\"cookielawinfo-column-2\">0<\/td><td class=\"cookielawinfo-column-3\">11 months<\/td><td class=\"cookielawinfo-column-4\">This cookie is set by the GDPR Cookie Consent plugin. The cookie is used to store the user's consent for cookies in the \"Analytics\" category.<\/td><\/tr><tr class=\"cookielawinfo-row\"><td class=\"cookielawinfo-column-1\">cookielawinfo-checkbox-functional<\/td><td class=\"cookielawinfo-column-2\">0<\/td><td class=\"cookielawinfo-column-3\">11 months<\/td><td class=\"cookielawinfo-column-4\">The cookie is set by the GDPR cookie consent to record the user's consent for cookies in the \"Functional\" category.<\/td><\/tr><tr class=\"cookielawinfo-row\"><td class=\"cookielawinfo-column-1\">cookielawinfo-checkbox-necessary<\/td><td class=\"cookielawinfo-column-2\">0<\/td><td class=\"cookielawinfo-column-3\">11 months<\/td><td class=\"cookielawinfo-column-4\">This cookie is set by the GDPR Cookie Consent plugin. Cookies are used to store user consent for cookies in the \"Necessary\" category.<\/td><\/tr><tr class=\"cookielawinfo-row\"><td class=\"cookielawinfo-column-1\">cookielawinfo-checkbox-others<\/td><td class=\"cookielawinfo-column-2\">0<\/td><td class=\"cookielawinfo-column-3\">11 months<\/td><td class=\"cookielawinfo-column-4\">This cookie is set by the GDPR Cookie Consent plugin. The cookie is used to store the user's consent for cookies in the \"Other\" category.<\/td><\/tr><tr class=\"cookielawinfo-row\"><td class=\"cookielawinfo-column-1\">cookielawinfo-checkbox-performance<\/td><td class=\"cookielawinfo-column-2\">0<\/td><td class=\"cookielawinfo-column-3\">11 months<\/td><td class=\"cookielawinfo-column-4\">This cookie is set by the GDPR Cookie Consent plugin. The cookie is used to store the user's consent for cookies in the \"Performance\" category.<\/td><\/tr><tr class=\"cookielawinfo-row\"><td class=\"cookielawinfo-column-1\">viewed_cookie_policy<\/td><td class=\"cookielawinfo-column-2\">0<\/td><td class=\"cookielawinfo-column-3\">11 months<\/td><td class=\"cookielawinfo-column-4\">The cookie is defined by the GDPR Cookie Consent plugin and is used to store whether or not the user has consented to the use of cookies. It does not store any personal data.<\/td><\/tr><\/tbody><\/table>\r\n                  <\/div>\r\n                <\/div>\r\n                <div data-colibri-id=\"118-c19\" class=\"h-global-transition-all h-heading style-213 style-local-118-c19 position-relative h-element\">\r\n                  <!---->\r\n                  <div class=\"h-heading__outer style-213 style-local-118-c19\">\r\n                    <!---->\r\n                    <!---->\r\n                    <h1 class=\"\">How can I control my cookie preferences?<\/h1>\r\n                  <\/div>\r\n                <\/div>\r\n                <div data-colibri-id=\"118-c20\" class=\"h-text h-text-component style-214 style-local-118-c20 position-relative h-element\">\r\n                  <!---->\r\n                  <!---->\r\n                  <div class=\"\">\r\n                    <p>If you decide to change your preferences later during your browsing session, you can click on the \"Confidentiality and cookies policy\" tab on your screen. This will redisplay\r\n                      the consent notice allowing you to change your preferences or withdraw your consent completely. In addition to this, different browsers offer different methods for blocking and deleting cookies used\r\n                      by websites. You can modify your browser settings to block\/delete cookies. To find out more about managing and deleting cookies, visit wikipedia.org, www.allaboutcookies.org.<\/p>\r\n                  <\/div>\r\n                <\/div>\r\n              <\/div>\r\n            <\/div>\r\n          <\/div>\r\n        <\/div>\r\n      <\/div>\r\n    <\/div>\r\n  <\/div>\r\n<\/div>","protected":false},"excerpt":{"rendered":"<p>\u00c0 propos de cette politique de cookies Cette politique en mati\u00e8re de cookies explique ce que sont les cookies et comment nous les utilisons, les types de cookies que nous utilisons, c&rsquo;est-\u00e0-dire les informations que nous collectons \u00e0 l&rsquo;aide de cookies et comment ces informations sont utilis\u00e9es, et comment contr\u00f4ler les pr\u00e9f\u00e9rences en mati\u00e8re de [&hellip;]<\/p>\n","protected":false},"author":1,"featured_media":0,"parent":0,"menu_order":0,"comment_status":"closed","ping_status":"closed","template":"page-templates\/full-width-page.php","meta":{"footnotes":""},"class_list":["post-118","page","type-page","status-publish","hentry"],"yoast_head":"<!-- This site is optimized with the Yoast SEO plugin v27.3 - https:\/\/yoast.com\/product\/yoast-seo-wordpress\/ -->\n<title>Politique de Cookies - Kymia Consulting<\/title>\n<meta name=\"robots\" content=\"index, follow, max-snippet:-1, max-image-preview:large, max-video-preview:-1\" \/>\n<link rel=\"canonical\" href=\"https:\/\/www.kymia-consulting.com\/en\/cookies-policy\/\" \/>\n<meta property=\"og:locale\" content=\"en_GB\" \/>\n<meta property=\"og:type\" content=\"article\" \/>\n<meta property=\"og:title\" content=\"Politique de Cookies - Kymia Consulting\" \/>\n<meta property=\"og:description\" content=\"\u00c0 propos de cette politique de cookies Cette politique en mati\u00e8re de cookies explique ce que sont les cookies et comment nous les utilisons, les types de cookies que nous utilisons, c&rsquo;est-\u00e0-dire les informations que nous collectons \u00e0 l&rsquo;aide de cookies et comment ces informations sont utilis\u00e9es, et comment contr\u00f4ler les pr\u00e9f\u00e9rences en mati\u00e8re de [&hellip;]\" \/>\n<meta property=\"og:url\" content=\"https:\/\/www.kymia-consulting.com\/en\/cookies-policy\/\" \/>\n<meta property=\"og:site_name\" content=\"Kymia Consulting\" \/>\n<meta property=\"article:modified_time\" content=\"2022-01-27T14:34:55+00:00\" \/>\n<meta name=\"twitter:card\" content=\"summary_large_image\" \/>\n<meta name=\"twitter:label1\" content=\"Estimated reading time\" \/>\n\t<meta name=\"twitter:data1\" content=\"4 minutes\" \/>\n<script type=\"application\/ld+json\" class=\"yoast-schema-graph\">{\"@context\":\"https:\\\/\\\/schema.org\",\"@graph\":[{\"@type\":\"WebPage\",\"@id\":\"https:\\\/\\\/www.kymia-consulting.com\\\/politique-de-cookies\\\/\",\"url\":\"https:\\\/\\\/www.kymia-consulting.com\\\/politique-de-cookies\\\/\",\"name\":\"Politique de Cookies - Kymia Consulting\",\"isPartOf\":{\"@id\":\"https:\\\/\\\/www.kymia-consulting.com\\\/#website\"},\"datePublished\":\"2022-01-07T17:07:50+00:00\",\"dateModified\":\"2022-01-27T14:34:55+00:00\",\"breadcrumb\":{\"@id\":\"https:\\\/\\\/www.kymia-consulting.com\\\/politique-de-cookies\\\/#breadcrumb\"},\"inLanguage\":\"en-GB\",\"potentialAction\":[{\"@type\":\"ReadAction\",\"target\":[\"https:\\\/\\\/www.kymia-consulting.com\\\/politique-de-cookies\\\/\"]}]},{\"@type\":\"BreadcrumbList\",\"@id\":\"https:\\\/\\\/www.kymia-consulting.com\\\/politique-de-cookies\\\/#breadcrumb\",\"itemListElement\":[{\"@type\":\"ListItem\",\"position\":1,\"name\":\"Accueil\",\"item\":\"https:\\\/\\\/www.kymia-consulting.com\\\/\"},{\"@type\":\"ListItem\",\"position\":2,\"name\":\"Politique de Cookies\"}]},{\"@type\":\"WebSite\",\"@id\":\"https:\\\/\\\/www.kymia-consulting.com\\\/#website\",\"url\":\"https:\\\/\\\/www.kymia-consulting.com\\\/\",\"name\":\"Kymia Consulting\",\"description\":\"Transformer vos projets en succ\u00e8s\",\"publisher\":{\"@id\":\"https:\\\/\\\/www.kymia-consulting.com\\\/#organization\"},\"potentialAction\":[{\"@type\":\"SearchAction\",\"target\":{\"@type\":\"EntryPoint\",\"urlTemplate\":\"https:\\\/\\\/www.kymia-consulting.com\\\/?s={search_term_string}\"},\"query-input\":{\"@type\":\"PropertyValueSpecification\",\"valueRequired\":true,\"valueName\":\"search_term_string\"}}],\"inLanguage\":\"en-GB\"},{\"@type\":\"Organization\",\"@id\":\"https:\\\/\\\/www.kymia-consulting.com\\\/#organization\",\"name\":\"Kymia Consulting\",\"url\":\"https:\\\/\\\/www.kymia-consulting.com\\\/\",\"logo\":{\"@type\":\"ImageObject\",\"inLanguage\":\"en-GB\",\"@id\":\"https:\\\/\\\/www.kymia-consulting.com\\\/#\\\/schema\\\/logo\\\/image\\\/\",\"url\":\"https:\\\/\\\/i0.wp.com\\\/www.kymia-consulting.com\\\/wp-content\\\/uploads\\\/2021\\\/12\\\/kYMIA-logo.png?fit=655%2C280&ssl=1\",\"contentUrl\":\"https:\\\/\\\/i0.wp.com\\\/www.kymia-consulting.com\\\/wp-content\\\/uploads\\\/2021\\\/12\\\/kYMIA-logo.png?fit=655%2C280&ssl=1\",\"width\":655,\"height\":280,\"caption\":\"Kymia Consulting\"},\"image\":{\"@id\":\"https:\\\/\\\/www.kymia-consulting.com\\\/#\\\/schema\\\/logo\\\/image\\\/\"}}]}<\/script>\n<!-- \/ Yoast SEO plugin. -->","yoast_head_json":{"title":"Cookies policy - Kymia Consulting","robots":{"index":"index","follow":"follow","max-snippet":"max-snippet:-1","max-image-preview":"max-image-preview:large","max-video-preview":"max-video-preview:-1"},"canonical":"https:\/\/www.kymia-consulting.com\/en\/cookies-policy\/","og_locale":"en_GB","og_type":"article","og_title":"Politique de Cookies - Kymia Consulting","og_description":"\u00c0 propos de cette politique de cookies Cette politique en mati\u00e8re de cookies explique ce que sont les cookies et comment nous les utilisons, les types de cookies que nous utilisons, c&rsquo;est-\u00e0-dire les informations que nous collectons \u00e0 l&rsquo;aide de cookies et comment ces informations sont utilis\u00e9es, et comment contr\u00f4ler les pr\u00e9f\u00e9rences en mati\u00e8re de [&hellip;]","og_url":"https:\/\/www.kymia-consulting.com\/en\/cookies-policy\/","og_site_name":"Kymia Consulting","article_modified_time":"2022-01-27T14:34:55+00:00","twitter_card":"summary_large_image","twitter_misc":{"Estimated reading time":"4 minutes"},"schema":{"@context":"https:\/\/schema.org","@graph":[{"@type":"WebPage","@id":"https:\/\/www.kymia-consulting.com\/politique-de-cookies\/","url":"https:\/\/www.kymia-consulting.com\/politique-de-cookies\/","name":"Cookies policy - Kymia Consulting","isPartOf":{"@id":"https:\/\/www.kymia-consulting.com\/#website"},"datePublished":"2022-01-07T17:07:50+00:00","dateModified":"2022-01-27T14:34:55+00:00","breadcrumb":{"@id":"https:\/\/www.kymia-consulting.com\/politique-de-cookies\/#breadcrumb"},"inLanguage":"en-GB","potentialAction":[{"@type":"ReadAction","target":["https:\/\/www.kymia-consulting.com\/politique-de-cookies\/"]}]},{"@type":"BreadcrumbList","@id":"https:\/\/www.kymia-consulting.com\/politique-de-cookies\/#breadcrumb","itemListElement":[{"@type":"ListItem","position":1,"name":"Accueil","item":"https:\/\/www.kymia-consulting.com\/"},{"@type":"ListItem","position":2,"name":"Politique de Cookies"}]},{"@type":"WebSite","@id":"https:\/\/www.kymia-consulting.com\/#website","url":"https:\/\/www.kymia-consulting.com\/","name":"Kymia Consulting","description":"Turning your projects into successes","publisher":{"@id":"https:\/\/www.kymia-consulting.com\/#organization"},"potentialAction":[{"@type":"SearchAction","target":{"@type":"EntryPoint","urlTemplate":"https:\/\/www.kymia-consulting.com\/?s={search_term_string}"},"query-input":{"@type":"PropertyValueSpecification","valueRequired":true,"valueName":"search_term_string"}}],"inLanguage":"en-GB"},{"@type":"Organization","@id":"https:\/\/www.kymia-consulting.com\/#organization","name":"Kymia Consulting","url":"https:\/\/www.kymia-consulting.com\/","logo":{"@type":"ImageObject","inLanguage":"en-GB","@id":"https:\/\/www.kymia-consulting.com\/#\/schema\/logo\/image\/","url":"https:\/\/i0.wp.com\/www.kymia-consulting.com\/wp-content\/uploads\/2021\/12\/kYMIA-logo.png?fit=655%2C280&ssl=1","contentUrl":"https:\/\/i0.wp.com\/www.kymia-consulting.com\/wp-content\/uploads\/2021\/12\/kYMIA-logo.png?fit=655%2C280&ssl=1","width":655,"height":280,"caption":"Kymia Consulting"},"image":{"@id":"https:\/\/www.kymia-consulting.com\/#\/schema\/logo\/image\/"}}]}},"jetpack_sharing_enabled":true,"_links":{"self":[{"href":"https:\/\/www.kymia-consulting.com\/en\/wp-json\/wp\/v2\/pages\/118","targetHints":{"allow":["GET"]}}],"collection":[{"href":"https:\/\/www.kymia-consulting.com\/en\/wp-json\/wp\/v2\/pages"}],"about":[{"href":"https:\/\/www.kymia-consulting.com\/en\/wp-json\/wp\/v2\/types\/page"}],"author":[{"embeddable":true,"href":"https:\/\/www.kymia-consulting.com\/en\/wp-json\/wp\/v2\/users\/1"}],"replies":[{"embeddable":true,"href":"https:\/\/www.kymia-consulting.com\/en\/wp-json\/wp\/v2\/comments?post=118"}],"version-history":[{"count":3,"href":"https:\/\/www.kymia-consulting.com\/en\/wp-json\/wp\/v2\/pages\/118\/revisions"}],"predecessor-version":[{"id":127,"href":"https:\/\/www.kymia-consulting.com\/en\/wp-json\/wp\/v2\/pages\/118\/revisions\/127"}],"wp:attachment":[{"href":"https:\/\/www.kymia-consulting.com\/en\/wp-json\/wp\/v2\/media?parent=118"}],"curies":[{"name":"wp","href":"https:\/\/api.w.org\/{rel}","templated":true}]}}