{"id":3826,"date":"2025-02-14T13:08:08","date_gmt":"2025-02-14T12:08:08","guid":{"rendered":"https:\/\/www.kymia-consulting.com\/?page_id=3826"},"modified":"2025-02-14T13:15:57","modified_gmt":"2025-02-14T12:15:57","slug":"treinador-sistemico","status":"publish","type":"page","link":"https:\/\/www.kymia-consulting.com\/pt\/coaching-systemique-dequipe\/coach-systemique\/","title":{"rendered":"TREINADOR SIST\u00c9MICO"},"content":{"rendered":"<div data-colibri-id=\"3826-c1\" class=\"style-1740 style-local-3826-c1 position-relative\">\r\n  <!---->\r\n  <div data-colibri-component=\"section\" data-colibri-id=\"3826-c2\" id=\"custom\" class=\"h-section h-section-global-spacing d-flex align-items-lg-center align-items-md-center align-items-center style-1741 style-local-3826-c2 position-relative\">\r\n    <!---->\r\n    <!---->\r\n    <div class=\"h-section-grid-container h-section-boxed-container\">\r\n      <!---->\r\n      <div data-colibri-id=\"3826-c3\" class=\"h-row-container gutters-row-lg-2 gutters-row-md-2 gutters-row-0 gutters-row-v-lg-2 gutters-row-v-md-2 gutters-row-v-2 style-1742 style-local-3826-c3 position-relative\">\r\n        <!---->\r\n        <div class=\"h-row justify-content-lg-center justify-content-md-center justify-content-center align-items-lg-stretch align-items-md-stretch align-items-stretch gutters-col-lg-2 gutters-col-md-2 gutters-col-0 gutters-col-v-lg-2 gutters-col-v-md-2 gutters-col-v-2\">\r\n          <!---->\r\n          <div class=\"h-column h-column-container d-flex h-col-lg-auto h-col-md-auto h-col-auto style-1743-outer style-local-3826-c4-outer\">\r\n            <div data-colibri-id=\"3826-c4\" class=\"d-flex h-flex-basis h-column__inner h-px-lg-2 h-px-md-2 h-px-2 v-inner-lg-2 v-inner-md-2 v-inner-2 style-1743 style-local-3826-c4 position-relative\">\r\n              <!---->\r\n              <!---->\r\n              <div class=\"w-100 h-y-container h-column__content h-column__v-align flex-basis-100 align-self-lg-start align-self-md-start align-self-start\">\r\n                <!---->\r\n                <div data-colibri-id=\"3826-c5\" class=\"style-1744 style-local-3826-c5 position-relative h-element\">\r\n                  <!---->\r\n                  <div class=\"\"><div class=\"_df_book df-lite\" id=\"df_3860\"  _slug=\"coach-systemique\" data-title=\"coach-systemique\" wpoptions=\"true\" thumbtype=\"\" ><\/div><script class=\"df-shortcode-script\" nowprocket type=\"application\/javascript\">window.option_df_3860 = {\"outline\":[],\"backgroundColor\":\"#9CD6CF\",\"autoEnableOutline\":\"false\",\"autoEnableThumbnail\":\"false\",\"overwritePDFOutline\":\"false\",\"direction\":\"1\",\"pageSize\":\"0\",\"source\":\"https:\\\/\\\/www.kymia-consulting.com\\\/wp-content\\\/uploads\\\/2025\\\/02\\\/20241115-DIPLOME-COACH-SYSTEMIQUE-ANSE-DLOPES-3.pdf\",\"wpOptions\":\"true\"}; if(window.DFLIP && window.DFLIP.parseBooks){window.DFLIP.parseBooks();}<\/script><\/div>\r\n                <\/div>\r\n              <\/div>\r\n            <\/div>\r\n          <\/div>\r\n        <\/div>\r\n      <\/div>\r\n    <\/div>\r\n  <\/div>\r\n<\/div>","protected":false},"excerpt":{"rendered":"","protected":false},"author":1,"featured_media":2772,"parent":139,"menu_order":0,"comment_status":"closed","ping_status":"closed","template":"page-templates\/full-width-page.php","meta":{"footnotes":""},"class_list":["post-3826","page","type-page","status-publish","has-post-thumbnail","hentry"],"yoast_head":"<!-- This site is optimized with the Yoast SEO plugin v27.3 - https:\/\/yoast.com\/product\/yoast-seo-wordpress\/ -->\n<title>Coach syst\u00e9mique<\/title>\n<meta name=\"description\" content=\"Le coach syst\u00e9mique vous accompagne dans la gestion du changement, l&#039;am\u00e9lioration des dynamiques relationnelles, la performance collective...\" \/>\n<meta name=\"robots\" content=\"index, follow, max-snippet:-1, max-image-preview:large, max-video-preview:-1\" \/>\n<link rel=\"canonical\" href=\"https:\/\/www.kymia-consulting.com\/pt\/coaching-sistemico-de-equipas\/treinador-sistemico\/\" \/>\n<meta property=\"og:locale\" content=\"pt_PT\" \/>\n<meta property=\"og:type\" content=\"article\" \/>\n<meta property=\"og:title\" content=\"Coach syst\u00e9mique\" \/>\n<meta property=\"og:description\" content=\"Le coach syst\u00e9mique vous accompagne dans la gestion du changement, l&#039;am\u00e9lioration des dynamiques relationnelles, la performance collective...\" \/>\n<meta property=\"og:url\" content=\"https:\/\/www.kymia-consulting.com\/pt\/coaching-sistemico-de-equipas\/treinador-sistemico\/\" \/>\n<meta property=\"og:site_name\" content=\"Kymia Consulting\" \/>\n<meta property=\"article:modified_time\" content=\"2025-02-14T12:15:57+00:00\" \/>\n<meta property=\"og:image\" content=\"https:\/\/i0.wp.com\/www.kymia-consulting.com\/wp-content\/uploads\/2025\/01\/Profil-Didier-color.jpg?fit=1080%2C1080&ssl=1\" \/>\n\t<meta property=\"og:image:width\" content=\"1080\" \/>\n\t<meta property=\"og:image:height\" content=\"1080\" \/>\n\t<meta property=\"og:image:type\" content=\"image\/jpeg\" \/>\n<meta name=\"twitter:card\" content=\"summary_large_image\" \/>\n<meta name=\"twitter:label1\" content=\"Tempo estimado de leitura\" \/>\n\t<meta name=\"twitter:data1\" content=\"1 minuto\" \/>\n<script type=\"application\/ld+json\" class=\"yoast-schema-graph\">{\"@context\":\"https:\\\/\\\/schema.org\",\"@graph\":[{\"@type\":\"WebPage\",\"@id\":\"https:\\\/\\\/www.kymia-consulting.com\\\/coaching-systemique-dequipe\\\/coach-systemique\\\/\",\"url\":\"https:\\\/\\\/www.kymia-consulting.com\\\/coaching-systemique-dequipe\\\/coach-systemique\\\/\",\"name\":\"Coach syst\u00e9mique\",\"isPartOf\":{\"@id\":\"https:\\\/\\\/www.kymia-consulting.com\\\/#website\"},\"primaryImageOfPage\":{\"@id\":\"https:\\\/\\\/www.kymia-consulting.com\\\/coaching-systemique-dequipe\\\/coach-systemique\\\/#primaryimage\"},\"image\":{\"@id\":\"https:\\\/\\\/www.kymia-consulting.com\\\/coaching-systemique-dequipe\\\/coach-systemique\\\/#primaryimage\"},\"thumbnailUrl\":\"https:\\\/\\\/i0.wp.com\\\/www.kymia-consulting.com\\\/wp-content\\\/uploads\\\/2025\\\/01\\\/Profil-Didier-color.jpg?fit=1080%2C1080&ssl=1\",\"datePublished\":\"2025-02-14T12:08:08+00:00\",\"dateModified\":\"2025-02-14T12:15:57+00:00\",\"description\":\"Le coach syst\u00e9mique vous accompagne dans la gestion du changement, l'am\u00e9lioration des dynamiques relationnelles, la performance collective...\",\"breadcrumb\":{\"@id\":\"https:\\\/\\\/www.kymia-consulting.com\\\/coaching-systemique-dequipe\\\/coach-systemique\\\/#breadcrumb\"},\"inLanguage\":\"pt-PT\",\"potentialAction\":[{\"@type\":\"ReadAction\",\"target\":[\"https:\\\/\\\/www.kymia-consulting.com\\\/coaching-systemique-dequipe\\\/coach-systemique\\\/\"]}]},{\"@type\":\"ImageObject\",\"inLanguage\":\"pt-PT\",\"@id\":\"https:\\\/\\\/www.kymia-consulting.com\\\/coaching-systemique-dequipe\\\/coach-systemique\\\/#primaryimage\",\"url\":\"https:\\\/\\\/i0.wp.com\\\/www.kymia-consulting.com\\\/wp-content\\\/uploads\\\/2025\\\/01\\\/Profil-Didier-color.jpg?fit=1080%2C1080&ssl=1\",\"contentUrl\":\"https:\\\/\\\/i0.wp.com\\\/www.kymia-consulting.com\\\/wp-content\\\/uploads\\\/2025\\\/01\\\/Profil-Didier-color.jpg?fit=1080%2C1080&ssl=1\",\"width\":1080,\"height\":1080,\"caption\":\"Didier Kymia\"},{\"@type\":\"BreadcrumbList\",\"@id\":\"https:\\\/\\\/www.kymia-consulting.com\\\/coaching-systemique-dequipe\\\/coach-systemique\\\/#breadcrumb\",\"itemListElement\":[{\"@type\":\"ListItem\",\"position\":1,\"name\":\"Accueil\",\"item\":\"https:\\\/\\\/www.kymia-consulting.com\\\/\"},{\"@type\":\"ListItem\",\"position\":2,\"name\":\"Coaching d&rsquo;\u00e9quipe\",\"item\":\"https:\\\/\\\/www.kymia-consulting.com\\\/pt\\\/coaching-systemique-dequipe\\\/\"},{\"@type\":\"ListItem\",\"position\":3,\"name\":\"COACH SYST\u00c9MIQUE\"}]},{\"@type\":\"WebSite\",\"@id\":\"https:\\\/\\\/www.kymia-consulting.com\\\/#website\",\"url\":\"https:\\\/\\\/www.kymia-consulting.com\\\/\",\"name\":\"Kymia Consulting\",\"description\":\"Transformer vos projets en succ\u00e8s\",\"publisher\":{\"@id\":\"https:\\\/\\\/www.kymia-consulting.com\\\/#organization\"},\"potentialAction\":[{\"@type\":\"SearchAction\",\"target\":{\"@type\":\"EntryPoint\",\"urlTemplate\":\"https:\\\/\\\/www.kymia-consulting.com\\\/?s={search_term_string}\"},\"query-input\":{\"@type\":\"PropertyValueSpecification\",\"valueRequired\":true,\"valueName\":\"search_term_string\"}}],\"inLanguage\":\"pt-PT\"},{\"@type\":\"Organization\",\"@id\":\"https:\\\/\\\/www.kymia-consulting.com\\\/#organization\",\"name\":\"Kymia Consulting\",\"url\":\"https:\\\/\\\/www.kymia-consulting.com\\\/\",\"logo\":{\"@type\":\"ImageObject\",\"inLanguage\":\"pt-PT\",\"@id\":\"https:\\\/\\\/www.kymia-consulting.com\\\/#\\\/schema\\\/logo\\\/image\\\/\",\"url\":\"https:\\\/\\\/i0.wp.com\\\/www.kymia-consulting.com\\\/wp-content\\\/uploads\\\/2021\\\/12\\\/kYMIA-logo.png?fit=655%2C280&ssl=1\",\"contentUrl\":\"https:\\\/\\\/i0.wp.com\\\/www.kymia-consulting.com\\\/wp-content\\\/uploads\\\/2021\\\/12\\\/kYMIA-logo.png?fit=655%2C280&ssl=1\",\"width\":655,\"height\":280,\"caption\":\"Kymia Consulting\"},\"image\":{\"@id\":\"https:\\\/\\\/www.kymia-consulting.com\\\/#\\\/schema\\\/logo\\\/image\\\/\"}}]}<\/script>\n<!-- \/ Yoast SEO plugin. -->","yoast_head_json":{"title":"Treinador sist\u00e9mico","description":"O coach sist\u00e9mico ajuda-o a gerir a mudan\u00e7a, a melhorar a din\u00e2mica interpessoal e o desempenho coletivo...","robots":{"index":"index","follow":"follow","max-snippet":"max-snippet:-1","max-image-preview":"max-image-preview:large","max-video-preview":"max-video-preview:-1"},"canonical":"https:\/\/www.kymia-consulting.com\/pt\/coaching-sistemico-de-equipas\/treinador-sistemico\/","og_locale":"pt_PT","og_type":"article","og_title":"Coach syst\u00e9mique","og_description":"Le coach syst\u00e9mique vous accompagne dans la gestion du changement, l'am\u00e9lioration des dynamiques relationnelles, la performance collective...","og_url":"https:\/\/www.kymia-consulting.com\/pt\/coaching-sistemico-de-equipas\/treinador-sistemico\/","og_site_name":"Kymia Consulting","article_modified_time":"2025-02-14T12:15:57+00:00","og_image":[{"width":1080,"height":1080,"url":"https:\/\/i0.wp.com\/www.kymia-consulting.com\/wp-content\/uploads\/2025\/01\/Profil-Didier-color.jpg?fit=1080%2C1080&ssl=1","type":"image\/jpeg"}],"twitter_card":"summary_large_image","twitter_misc":{"Tempo estimado de leitura":"1 minuto"},"schema":{"@context":"https:\/\/schema.org","@graph":[{"@type":"WebPage","@id":"https:\/\/www.kymia-consulting.com\/coaching-systemique-dequipe\/coach-systemique\/","url":"https:\/\/www.kymia-consulting.com\/coaching-systemique-dequipe\/coach-systemique\/","name":"Treinador sist\u00e9mico","isPartOf":{"@id":"https:\/\/www.kymia-consulting.com\/#website"},"primaryImageOfPage":{"@id":"https:\/\/www.kymia-consulting.com\/coaching-systemique-dequipe\/coach-systemique\/#primaryimage"},"image":{"@id":"https:\/\/www.kymia-consulting.com\/coaching-systemique-dequipe\/coach-systemique\/#primaryimage"},"thumbnailUrl":"https:\/\/i0.wp.com\/www.kymia-consulting.com\/wp-content\/uploads\/2025\/01\/Profil-Didier-color.jpg?fit=1080%2C1080&ssl=1","datePublished":"2025-02-14T12:08:08+00:00","dateModified":"2025-02-14T12:15:57+00:00","description":"O coach sist\u00e9mico ajuda-o a gerir a mudan\u00e7a, a melhorar a din\u00e2mica interpessoal e o desempenho coletivo...","breadcrumb":{"@id":"https:\/\/www.kymia-consulting.com\/coaching-systemique-dequipe\/coach-systemique\/#breadcrumb"},"inLanguage":"pt-PT","potentialAction":[{"@type":"ReadAction","target":["https:\/\/www.kymia-consulting.com\/coaching-systemique-dequipe\/coach-systemique\/"]}]},{"@type":"ImageObject","inLanguage":"pt-PT","@id":"https:\/\/www.kymia-consulting.com\/coaching-systemique-dequipe\/coach-systemique\/#primaryimage","url":"https:\/\/i0.wp.com\/www.kymia-consulting.com\/wp-content\/uploads\/2025\/01\/Profil-Didier-color.jpg?fit=1080%2C1080&ssl=1","contentUrl":"https:\/\/i0.wp.com\/www.kymia-consulting.com\/wp-content\/uploads\/2025\/01\/Profil-Didier-color.jpg?fit=1080%2C1080&ssl=1","width":1080,"height":1080,"caption":"Didier Kymia"},{"@type":"BreadcrumbList","@id":"https:\/\/www.kymia-consulting.com\/coaching-systemique-dequipe\/coach-systemique\/#breadcrumb","itemListElement":[{"@type":"ListItem","position":1,"name":"Accueil","item":"https:\/\/www.kymia-consulting.com\/"},{"@type":"ListItem","position":2,"name":"Coaching d&rsquo;\u00e9quipe","item":"https:\/\/www.kymia-consulting.com\/pt\/coaching-systemique-dequipe\/"},{"@type":"ListItem","position":3,"name":"COACH SYST\u00c9MIQUE"}]},{"@type":"WebSite","@id":"https:\/\/www.kymia-consulting.com\/#website","url":"https:\/\/www.kymia-consulting.com\/","name":"Kymia Consulting","description":"Transformar os seus projectos em sucessos","publisher":{"@id":"https:\/\/www.kymia-consulting.com\/#organization"},"potentialAction":[{"@type":"SearchAction","target":{"@type":"EntryPoint","urlTemplate":"https:\/\/www.kymia-consulting.com\/?s={search_term_string}"},"query-input":{"@type":"PropertyValueSpecification","valueRequired":true,"valueName":"search_term_string"}}],"inLanguage":"pt-PT"},{"@type":"Organization","@id":"https:\/\/www.kymia-consulting.com\/#organization","name":"Kymia Consulting","url":"https:\/\/www.kymia-consulting.com\/","logo":{"@type":"ImageObject","inLanguage":"pt-PT","@id":"https:\/\/www.kymia-consulting.com\/#\/schema\/logo\/image\/","url":"https:\/\/i0.wp.com\/www.kymia-consulting.com\/wp-content\/uploads\/2021\/12\/kYMIA-logo.png?fit=655%2C280&ssl=1","contentUrl":"https:\/\/i0.wp.com\/www.kymia-consulting.com\/wp-content\/uploads\/2021\/12\/kYMIA-logo.png?fit=655%2C280&ssl=1","width":655,"height":280,"caption":"Kymia Consulting"},"image":{"@id":"https:\/\/www.kymia-consulting.com\/#\/schema\/logo\/image\/"}}]}},"jetpack_sharing_enabled":true,"_links":{"self":[{"href":"https:\/\/www.kymia-consulting.com\/pt\/wp-json\/wp\/v2\/pages\/3826","targetHints":{"allow":["GET"]}}],"collection":[{"href":"https:\/\/www.kymia-consulting.com\/pt\/wp-json\/wp\/v2\/pages"}],"about":[{"href":"https:\/\/www.kymia-consulting.com\/pt\/wp-json\/wp\/v2\/types\/page"}],"author":[{"embeddable":true,"href":"https:\/\/www.kymia-consulting.com\/pt\/wp-json\/wp\/v2\/users\/1"}],"replies":[{"embeddable":true,"href":"https:\/\/www.kymia-consulting.com\/pt\/wp-json\/wp\/v2\/comments?post=3826"}],"version-history":[{"count":2,"href":"https:\/\/www.kymia-consulting.com\/pt\/wp-json\/wp\/v2\/pages\/3826\/revisions"}],"predecessor-version":[{"id":3865,"href":"https:\/\/www.kymia-consulting.com\/pt\/wp-json\/wp\/v2\/pages\/3826\/revisions\/3865"}],"up":[{"embeddable":true,"href":"https:\/\/www.kymia-consulting.com\/pt\/wp-json\/wp\/v2\/pages\/139"}],"wp:featuredmedia":[{"embeddable":true,"href":"https:\/\/www.kymia-consulting.com\/pt\/wp-json\/wp\/v2\/media\/2772"}],"wp:attachment":[{"href":"https:\/\/www.kymia-consulting.com\/pt\/wp-json\/wp\/v2\/media?parent=3826"}],"curies":[{"name":"wp","href":"https:\/\/api.w.org\/{rel}","templated":true}]}}