{"id":3944,"date":"2025-04-01T20:29:23","date_gmt":"2025-04-01T18:29:23","guid":{"rendered":"https:\/\/www.kymia-consulting.com\/?page_id=3944"},"modified":"2025-04-01T20:43:00","modified_gmt":"2025-04-01T18:43:00","slug":"perfil-do-disco","status":"publish","type":"page","link":"https:\/\/www.kymia-consulting.com\/pt\/methode-aec-disc\/profil-aec-disc\/profil-disc\/","title":{"rendered":"O seu perfil AEC DISC"},"content":{"rendered":"<div data-colibri-id=\"3944-c1\" class=\"style-1761 style-local-3944-c1 position-relative\">\n  <!---->\n  <div data-colibri-component=\"section\" data-colibri-id=\"3944-c2\" id=\"custom\" class=\"h-section h-section-global-spacing d-flex align-items-lg-center align-items-md-center align-items-center style-1762 style-local-3944-c2 position-relative\">\n    <!---->\n    <!---->\n    <div class=\"h-section-grid-container h-section-boxed-container\">\n      <!---->\n      <div data-colibri-id=\"3944-c6\" class=\"h-row-container gutters-row-lg-2 gutters-row-md-2 gutters-row-0 gutters-row-v-lg-2 gutters-row-v-md-2 gutters-row-v-2 style-1767 style-local-3944-c6 position-relative\">\n        <!---->\n        <div class=\"h-row justify-content-lg-center justify-content-md-center justify-content-center align-items-lg-stretch align-items-md-stretch align-items-stretch gutters-col-lg-2 gutters-col-md-2 gutters-col-0 gutters-col-v-lg-2 gutters-col-v-md-2 gutters-col-v-2\">\n          <!---->\n          <div class=\"h-column h-column-container d-flex h-col-lg-auto h-col-md-auto h-col-auto style-1768-outer style-local-3944-c7-outer\">\n            <div data-colibri-id=\"3944-c7\" class=\"d-flex h-flex-basis h-column__inner h-px-lg-2 h-px-md-2 h-px-2 v-inner-lg-2 v-inner-md-2 v-inner-2 style-1768 style-local-3944-c7 position-relative\">\n              <!---->\n              <!---->\n              <div class=\"w-100 h-y-container h-column__content h-column__v-align flex-basis-100 align-self-lg-start align-self-md-start align-self-start\">\n                <!---->\n                <div data-colibri-id=\"3944-c8\" class=\"h-global-transition-all h-heading style-1769 style-local-3944-c8 position-relative h-element\">\n                  <!---->\n                  <div class=\"h-heading__outer style-1769 style-local-3944-c8\">\n                    <!---->\n                    <!---->\n                    <h1 class=\"\">Solicite o seu perfil gratuito<\/h1>\n                  <\/div>\n                <\/div>\n              <\/div>\n            <\/div>\n          <\/div>\n        <\/div>\n      <\/div>\n      <div data-colibri-id=\"3944-c3\" class=\"h-row-container gutters-row-lg-2 gutters-row-md-2 gutters-row-0 gutters-row-v-lg-2 gutters-row-v-md-2 gutters-row-v-2 style-1763 style-local-3944-c3 position-relative\">\n        <!---->\n        <div class=\"h-row justify-content-lg-center justify-content-md-center justify-content-center align-items-lg-stretch align-items-md-stretch align-items-stretch gutters-col-lg-2 gutters-col-md-2 gutters-col-0 gutters-col-v-lg-2 gutters-col-v-md-2 gutters-col-v-2\">\n          <!---->\n          <div class=\"h-column h-column-container d-flex h-col-lg-auto h-col-md-auto h-col-auto style-1764-outer style-local-3944-c4-outer\">\n            <div data-colibri-id=\"3944-c4\" class=\"d-flex h-flex-basis h-column__inner h-px-lg-2 h-px-md-2 h-px-2 v-inner-lg-2 v-inner-md-2 v-inner-2 style-1764 style-local-3944-c4 position-relative\">\n              <!---->\n              <!---->\n              <div class=\"w-100 h-y-container h-column__content h-column__v-align flex-basis-100 align-self-lg-start align-self-md-start align-self-start\">\n                <!---->\n                <div data-colibri-id=\"3944-c5\" class=\"h-contact-form__outer--forminator style-1766 style-local-3944-c5 position-relative h-element\">\n                  <!---->\n                  <div class=\"h-global-transition-all h-global-transition h-global-transition-all h-contact-form-shortcode\"><div class=\"forminator-ui forminator-custom-form forminator-custom-form-3946 forminator-design--default  forminator_ajax\" data-forminator-render=\"0\" data-form=\"forminator-module-3946\" data-uid=\"69f34607d23cb\"><br\/><\/div><form\n\t\t\t\tid=\"forminator-module-3946\"\n\t\t\t\tclass=\"forminator-ui forminator-custom-form forminator-custom-form-3946 forminator-design--default  forminator_ajax\"\n\t\t\t\tmethod=\"post\"\n\t\t\t\tdata-forminator-render=\"0\"\n\t\t\t\tdata-form-id=\"3946\"\n\t\t\t\t data-color-option=\"theme\" data-design=\"default\" data-grid=\"open\" style=\"display: none;\"\n\t\t\t\tdata-uid=\"69f34607d23cb\" action=\"\"\n\t\t\t><div role=\"alert\" aria-live=\"polite\" class=\"forminator-response-message forminator-error\" aria-hidden=\"true\"><\/div><div class=\"forminator-row\"><div id=\"name-1\" class=\"forminator-field-name forminator-col forminator-col-12\"><div class=\"forminator-row forminator-no-margin\" data-multiple=\"true\"><div class=\"forminator-col forminator-col-md-6\"><div class=\"forminator-field\"><label for=\"forminator-field-first-name-1_69f34607d23cb\" id=\"forminator-field-first-name-1_69f34607d23cb-label\" class=\"forminator-label\">Nome pr\u00f3prio <span class=\"forminator-required\">*<\/span><\/label><input type=\"text\" name=\"name-1-first-name\" placeholder=\"Por exemplo: Jean\" id=\"forminator-field-first-name-1_69f34607d23cb\" class=\"forminator-input\" aria-required=\"true\" data-multi=\"1\" autocomplete=\"given-name\" value=\"\" \/><\/div><\/div><div class=\"forminator-col forminator-col-md-6\"><div class=\"forminator-field\"><label for=\"forminator-field-last-name-1_69f34607d23cb\" id=\"forminator-field-last-name-1_69f34607d23cb-label\" class=\"forminator-label\">Nome de fam\u00edlia <span class=\"forminator-required\">*<\/span><\/label><input type=\"text\" name=\"name-1-last-name\" placeholder=\"Por exemplo: Durand\" id=\"forminator-field-last-name-1_69f34607d23cb\" class=\"forminator-input\" aria-required=\"true\" data-multi=\"1\" autocomplete=\"family-name\" value=\"\" \/><\/div><\/div><\/div><\/div><\/div><div class=\"forminator-row\"><div id=\"text-1\" class=\"forminator-field-text forminator-col forminator-col-12\"><div class=\"forminator-field\"><label for=\"forminator-field-text-1_69f34607d23cb\" id=\"forminator-field-text-1_69f34607d23cb-label\" class=\"forminator-label\">Empresa <span class=\"forminator-required\">*<\/span><\/label><input type=\"text\" name=\"text-1\" value=\"\" placeholder=\"Por exemplo: Empresa ABC\" id=\"forminator-field-text-1_69f34607d23cb\" class=\"forminator-input forminator-name--field\" data-required=\"1\" \/><\/div><\/div><\/div><div class=\"forminator-row\"><div id=\"text-2\" class=\"forminator-field-text forminator-col forminator-col-12\"><div class=\"forminator-field\"><label for=\"forminator-field-text-2_69f34607d23cb\" id=\"forminator-field-text-2_69f34607d23cb-label\" class=\"forminator-label\">Fun\u00e7\u00e3o <span class=\"forminator-required\">*<\/span><\/label><input type=\"text\" name=\"text-2\" value=\"\" placeholder=\"Por exemplo: Diretor...\" id=\"forminator-field-text-2_69f34607d23cb\" class=\"forminator-input forminator-name--field\" data-required=\"1\" \/><\/div><\/div><\/div><div class=\"forminator-row\"><div id=\"email-1\" class=\"forminator-field-email forminator-col forminator-col-12\"><div class=\"forminator-field\"><label for=\"forminator-field-email-1_69f34607d23cb\" id=\"forminator-field-email-1_69f34607d23cb-label\" class=\"forminator-label\">Endere\u00e7o eletr\u00f3nico <span class=\"forminator-required\">*<\/span><\/label><input type=\"email\" name=\"email-1\" value=\"\" placeholder=\"Por exemplo: jacques@martin.com\" id=\"forminator-field-email-1_69f34607d23cb\" class=\"forminator-input forminator-email--field\" data-required=\"true\" aria-required=\"true\" autocomplete=\"email\" \/><\/div><\/div><\/div><div class=\"forminator-row\"><div id=\"phone-1\" class=\"forminator-field-phone forminator-col forminator-col-12\"><div class=\"forminator-field\"><label for=\"forminator-field-phone-1_69f34607d23cb\" id=\"forminator-field-phone-1_69f34607d23cb-label\" class=\"forminator-label\">N\u00famero de telefone <span class=\"forminator-required\">*<\/span><\/label><input type=\"text\" name=\"phone-1\" value=\"\" placeholder=\"\" id=\"forminator-field-phone-1_69f34607d23cb\" class=\"forminator-input forminator-field--phone\" data-required=\"1\" aria-required=\"true\" autocomplete=\"off\" \/><\/div><\/div><\/div><input type=\"hidden\" name=\"referer_url\" value=\"\" \/><div class=\"forminator-row forminator-row-last\"><div class=\"forminator-col\"><div class=\"forminator-field\"><button class=\"forminator-button forminator-button-submit\">ACEITAR<\/button><\/div><\/div><\/div><input type=\"hidden\" id=\"forminator_nonce\" name=\"forminator_nonce\" value=\"97b36ad7c6\" \/><input type=\"hidden\" name=\"_wp_http_referer\" value=\"\/pt\/wp-json\/wp\/v2\/pages\/3944\" \/><input type=\"hidden\" name=\"form_id\" value=\"3946\"><input type=\"hidden\" name=\"page_id\" value=\"3944\"><input type=\"hidden\" name=\"form_type\" value=\"default\"><input type=\"hidden\" name=\"current_url\" value=\"https:\/\/www.kymia-consulting.com\/pt\/methode-aec-disc\/profil-aec-disc\/profil-disc\/\"><input type=\"hidden\" name=\"render_id\" value=\"0\"><input type=\"hidden\" name=\"action\" value=\"forminator_submit_form_custom-forms\"><input type=\"hidden\" name=\"trp-form-language\" value=\"pt\"\/><\/form><\/div>\n                <\/div>\n              <\/div>\n            <\/div>\n          <\/div>\n        <\/div>\n      <\/div>\n    <\/div>\n  <\/div>\n<\/div>","protected":false},"excerpt":{"rendered":"<p>Solicite o seu perfil gratuito<\/p>","protected":false},"author":1,"featured_media":0,"parent":3439,"menu_order":0,"comment_status":"closed","ping_status":"closed","template":"page-templates\/full-width-page.php","meta":{"footnotes":""},"class_list":["post-3944","page","type-page","status-publish","hentry"],"yoast_head":"<!-- This site is optimized with the Yoast SEO plugin v27.3 - https:\/\/yoast.com\/product\/yoast-seo-wordpress\/ -->\n<title>Profil DISC | Kymia Consulting - Transformez vos d\u00e9fis en succ\u00e8s<\/title>\n<meta name=\"description\" content=\"Demandez votre profil AEC DISC et d\u00e9couvrez votre style comportemental au naturel, en adapt\u00e9 et surtout vos motivations !\" \/>\n<meta name=\"robots\" content=\"index, follow, max-snippet:-1, max-image-preview:large, max-video-preview:-1\" \/>\n<link rel=\"canonical\" href=\"https:\/\/www.kymia-consulting.com\/pt\/metodo-do-disco-aec\/perfil-do-disco-aec\/perfil-do-disco\/\" \/>\n<meta property=\"og:locale\" content=\"pt_PT\" \/>\n<meta property=\"og:type\" content=\"article\" \/>\n<meta property=\"og:title\" content=\"Profil DISC | Kymia Consulting - Transformez vos d\u00e9fis en succ\u00e8s\" \/>\n<meta property=\"og:description\" content=\"Demandez votre profil AEC DISC et d\u00e9couvrez votre style comportemental au naturel, en adapt\u00e9 et surtout vos motivations !\" \/>\n<meta property=\"og:url\" content=\"https:\/\/www.kymia-consulting.com\/pt\/metodo-do-disco-aec\/perfil-do-disco-aec\/perfil-do-disco\/\" \/>\n<meta property=\"og:site_name\" content=\"Kymia Consulting\" \/>\n<meta property=\"article:modified_time\" content=\"2025-04-01T18:43:00+00:00\" \/>\n<meta name=\"twitter:card\" content=\"summary_large_image\" \/>\n<script type=\"application\/ld+json\" class=\"yoast-schema-graph\">{\"@context\":\"https:\\\/\\\/schema.org\",\"@graph\":[{\"@type\":\"WebPage\",\"@id\":\"https:\\\/\\\/www.kymia-consulting.com\\\/methode-aec-disc\\\/profil-aec-disc\\\/profil-disc\\\/\",\"url\":\"https:\\\/\\\/www.kymia-consulting.com\\\/methode-aec-disc\\\/profil-aec-disc\\\/profil-disc\\\/\",\"name\":\"Profil DISC | Kymia Consulting - Transformez vos d\u00e9fis en succ\u00e8s\",\"isPartOf\":{\"@id\":\"https:\\\/\\\/www.kymia-consulting.com\\\/#website\"},\"datePublished\":\"2025-04-01T18:29:23+00:00\",\"dateModified\":\"2025-04-01T18:43:00+00:00\",\"description\":\"Demandez votre profil AEC DISC et d\u00e9couvrez votre style comportemental au naturel, en adapt\u00e9 et surtout vos motivations !\",\"breadcrumb\":{\"@id\":\"https:\\\/\\\/www.kymia-consulting.com\\\/methode-aec-disc\\\/profil-aec-disc\\\/profil-disc\\\/#breadcrumb\"},\"inLanguage\":\"pt-PT\",\"potentialAction\":[{\"@type\":\"ReadAction\",\"target\":[\"https:\\\/\\\/www.kymia-consulting.com\\\/methode-aec-disc\\\/profil-aec-disc\\\/profil-disc\\\/\"]}]},{\"@type\":\"BreadcrumbList\",\"@id\":\"https:\\\/\\\/www.kymia-consulting.com\\\/methode-aec-disc\\\/profil-aec-disc\\\/profil-disc\\\/#breadcrumb\",\"itemListElement\":[{\"@type\":\"ListItem\",\"position\":1,\"name\":\"Accueil\",\"item\":\"https:\\\/\\\/www.kymia-consulting.com\\\/\"},{\"@type\":\"ListItem\",\"position\":2,\"name\":\"M\u00e9thode AEC DISC\",\"item\":\"https:\\\/\\\/www.kymia-consulting.com\\\/methode-aec-disc\\\/\"},{\"@type\":\"ListItem\",\"position\":3,\"name\":\"Profils AEC DISC\",\"item\":\"https:\\\/\\\/www.kymia-consulting.com\\\/methode-aec-disc\\\/profil-aec-disc\\\/\"},{\"@type\":\"ListItem\",\"position\":4,\"name\":\"Votre profil AEC DISC\"}]},{\"@type\":\"WebSite\",\"@id\":\"https:\\\/\\\/www.kymia-consulting.com\\\/#website\",\"url\":\"https:\\\/\\\/www.kymia-consulting.com\\\/\",\"name\":\"Kymia Consulting\",\"description\":\"Transformer vos projets en succ\u00e8s\",\"publisher\":{\"@id\":\"https:\\\/\\\/www.kymia-consulting.com\\\/#organization\"},\"potentialAction\":[{\"@type\":\"SearchAction\",\"target\":{\"@type\":\"EntryPoint\",\"urlTemplate\":\"https:\\\/\\\/www.kymia-consulting.com\\\/?s={search_term_string}\"},\"query-input\":{\"@type\":\"PropertyValueSpecification\",\"valueRequired\":true,\"valueName\":\"search_term_string\"}}],\"inLanguage\":\"pt-PT\"},{\"@type\":\"Organization\",\"@id\":\"https:\\\/\\\/www.kymia-consulting.com\\\/#organization\",\"name\":\"Kymia Consulting\",\"url\":\"https:\\\/\\\/www.kymia-consulting.com\\\/\",\"logo\":{\"@type\":\"ImageObject\",\"inLanguage\":\"pt-PT\",\"@id\":\"https:\\\/\\\/www.kymia-consulting.com\\\/#\\\/schema\\\/logo\\\/image\\\/\",\"url\":\"https:\\\/\\\/i0.wp.com\\\/www.kymia-consulting.com\\\/wp-content\\\/uploads\\\/2021\\\/12\\\/kYMIA-logo.png?fit=655%2C280&ssl=1\",\"contentUrl\":\"https:\\\/\\\/i0.wp.com\\\/www.kymia-consulting.com\\\/wp-content\\\/uploads\\\/2021\\\/12\\\/kYMIA-logo.png?fit=655%2C280&ssl=1\",\"width\":655,\"height\":280,\"caption\":\"Kymia Consulting\"},\"image\":{\"@id\":\"https:\\\/\\\/www.kymia-consulting.com\\\/#\\\/schema\\\/logo\\\/image\\\/\"}}]}<\/script>\n<!-- \/ Yoast SEO plugin. -->","yoast_head_json":{"title":"Perfil DISC | Kymia Consulting - Transforme os seus desafios em sucessos","description":"Pe\u00e7a o seu perfil AEC DISC e descubra o seu estilo comportamental natural e adaptado e, sobretudo, as suas motiva\u00e7\u00f5es!","robots":{"index":"index","follow":"follow","max-snippet":"max-snippet:-1","max-image-preview":"max-image-preview:large","max-video-preview":"max-video-preview:-1"},"canonical":"https:\/\/www.kymia-consulting.com\/pt\/metodo-do-disco-aec\/perfil-do-disco-aec\/perfil-do-disco\/","og_locale":"pt_PT","og_type":"article","og_title":"Profil DISC | Kymia Consulting - Transformez vos d\u00e9fis en succ\u00e8s","og_description":"Demandez votre profil AEC DISC et d\u00e9couvrez votre style comportemental au naturel, en adapt\u00e9 et surtout vos motivations !","og_url":"https:\/\/www.kymia-consulting.com\/pt\/metodo-do-disco-aec\/perfil-do-disco-aec\/perfil-do-disco\/","og_site_name":"Kymia Consulting","article_modified_time":"2025-04-01T18:43:00+00:00","twitter_card":"summary_large_image","schema":{"@context":"https:\/\/schema.org","@graph":[{"@type":"WebPage","@id":"https:\/\/www.kymia-consulting.com\/methode-aec-disc\/profil-aec-disc\/profil-disc\/","url":"https:\/\/www.kymia-consulting.com\/methode-aec-disc\/profil-aec-disc\/profil-disc\/","name":"Perfil DISC | Kymia Consulting - Transforme os seus desafios em sucessos","isPartOf":{"@id":"https:\/\/www.kymia-consulting.com\/#website"},"datePublished":"2025-04-01T18:29:23+00:00","dateModified":"2025-04-01T18:43:00+00:00","description":"Pe\u00e7a o seu perfil AEC DISC e descubra o seu estilo comportamental natural e adaptado e, sobretudo, as suas motiva\u00e7\u00f5es!","breadcrumb":{"@id":"https:\/\/www.kymia-consulting.com\/methode-aec-disc\/profil-aec-disc\/profil-disc\/#breadcrumb"},"inLanguage":"pt-PT","potentialAction":[{"@type":"ReadAction","target":["https:\/\/www.kymia-consulting.com\/methode-aec-disc\/profil-aec-disc\/profil-disc\/"]}]},{"@type":"BreadcrumbList","@id":"https:\/\/www.kymia-consulting.com\/methode-aec-disc\/profil-aec-disc\/profil-disc\/#breadcrumb","itemListElement":[{"@type":"ListItem","position":1,"name":"Accueil","item":"https:\/\/www.kymia-consulting.com\/"},{"@type":"ListItem","position":2,"name":"M\u00e9thode AEC DISC","item":"https:\/\/www.kymia-consulting.com\/methode-aec-disc\/"},{"@type":"ListItem","position":3,"name":"Profils AEC DISC","item":"https:\/\/www.kymia-consulting.com\/methode-aec-disc\/profil-aec-disc\/"},{"@type":"ListItem","position":4,"name":"Votre profil AEC DISC"}]},{"@type":"WebSite","@id":"https:\/\/www.kymia-consulting.com\/#website","url":"https:\/\/www.kymia-consulting.com\/","name":"Kymia Consulting","description":"Transformar os seus projectos em sucessos","publisher":{"@id":"https:\/\/www.kymia-consulting.com\/#organization"},"potentialAction":[{"@type":"SearchAction","target":{"@type":"EntryPoint","urlTemplate":"https:\/\/www.kymia-consulting.com\/?s={search_term_string}"},"query-input":{"@type":"PropertyValueSpecification","valueRequired":true,"valueName":"search_term_string"}}],"inLanguage":"pt-PT"},{"@type":"Organization","@id":"https:\/\/www.kymia-consulting.com\/#organization","name":"Kymia Consulting","url":"https:\/\/www.kymia-consulting.com\/","logo":{"@type":"ImageObject","inLanguage":"pt-PT","@id":"https:\/\/www.kymia-consulting.com\/#\/schema\/logo\/image\/","url":"https:\/\/i0.wp.com\/www.kymia-consulting.com\/wp-content\/uploads\/2021\/12\/kYMIA-logo.png?fit=655%2C280&ssl=1","contentUrl":"https:\/\/i0.wp.com\/www.kymia-consulting.com\/wp-content\/uploads\/2021\/12\/kYMIA-logo.png?fit=655%2C280&ssl=1","width":655,"height":280,"caption":"Kymia Consulting"},"image":{"@id":"https:\/\/www.kymia-consulting.com\/#\/schema\/logo\/image\/"}}]}},"jetpack_sharing_enabled":true,"_links":{"self":[{"href":"https:\/\/www.kymia-consulting.com\/pt\/wp-json\/wp\/v2\/pages\/3944","targetHints":{"allow":["GET"]}}],"collection":[{"href":"https:\/\/www.kymia-consulting.com\/pt\/wp-json\/wp\/v2\/pages"}],"about":[{"href":"https:\/\/www.kymia-consulting.com\/pt\/wp-json\/wp\/v2\/types\/page"}],"author":[{"embeddable":true,"href":"https:\/\/www.kymia-consulting.com\/pt\/wp-json\/wp\/v2\/users\/1"}],"replies":[{"embeddable":true,"href":"https:\/\/www.kymia-consulting.com\/pt\/wp-json\/wp\/v2\/comments?post=3944"}],"version-history":[{"count":4,"href":"https:\/\/www.kymia-consulting.com\/pt\/wp-json\/wp\/v2\/pages\/3944\/revisions"}],"predecessor-version":[{"id":3963,"href":"https:\/\/www.kymia-consulting.com\/pt\/wp-json\/wp\/v2\/pages\/3944\/revisions\/3963"}],"up":[{"embeddable":true,"href":"https:\/\/www.kymia-consulting.com\/pt\/wp-json\/wp\/v2\/pages\/3439"}],"wp:attachment":[{"href":"https:\/\/www.kymia-consulting.com\/pt\/wp-json\/wp\/v2\/media?parent=3944"}],"curies":[{"name":"wp","href":"https:\/\/api.w.org\/{rel}","templated":true}]}}